{"id":17,"date":"2025-12-22T10:01:36","date_gmt":"2025-12-22T10:01:36","guid":{"rendered":"https:\/\/unis-pour-vinon.fr\/2026\/?page_id=17"},"modified":"2026-02-02T15:00:21","modified_gmt":"2026-02-02T15:00:21","slug":"mot-du-maire","status":"publish","type":"page","link":"https:\/\/unis-pour-vinon.fr\/2026\/mot-du-maire\/","title":{"rendered":"Mot du maire"},"content":{"rendered":"\n<figure itemscope itemtype=\"https:\/\/schema.org\/ImageObject\">\n\t\t\t\t<img decoding=\"async\" src=\"https:\/\/unis-pour-vinon.fr\/2026\/wp-content\/uploads\/2026\/01\/Couverture-def.png\" alt=\"Couverture-def\" height=\"474\" width=\"1280\" title=\"Couverture-def\" onerror=\"this.style.display='none'\" loading=\"lazy\" \/>\n\t<\/figure>\n<figure itemscope itemtype=\"https:\/\/schema.org\/ImageObject\">\n\t\t\t\t<img decoding=\"async\" src=\"https:\/\/unis-pour-vinon.fr\/2026\/wp-content\/uploads\/2026\/02\/05012026-05012026-P1032993-Modifier-Modifier.jpg\" alt=\"05012026-05012026-P1032993-Modifier-Modifier\" height=\"1746\" width=\"1746\" title=\"05012026-05012026-P1032993-Modifier-Modifier\" onerror=\"this.style.display='none'\" loading=\"lazy\" \/>\n\t<\/figure>\n<h1>\n\t\t\tLe mot du Maire\t<\/h1>\n\t<p><strong>\u00catre maire d&rsquo;une commune rurale est un engagement tr\u00e8s exigeant, mais profond\u00e9ment humain : il faut aimer les gens ! C&rsquo;est une responsabilit\u00e9 qui oblige \u00e0 \u00e9couter les administr\u00e9s, \u00e0 d\u00e9cider avec mesure, \u00e0 agir dans l&rsquo;int\u00e9r\u00eat g\u00e9n\u00e9ral de la collectivit\u00e9, au plus pr\u00e8s des r\u00e9alit\u00e9s du quotidien.<\/strong><\/p>\n\t<p>Depuis 2008, j&rsquo;exerce cette fonction de maire de Vinon-sur-Verdon avec bonheur, mais avec une conviction constante : une commune avance durablement lorsqu&rsquo;elle est guid\u00e9e dans la stabilit\u00e9, le dialogue et le sens des responsabilit\u00e9s, loin, tr\u00e8s loin des politiques partisanes.<\/p>\n<p>Au cours de ces trois mandats, nous avons fait le choix, avec l&rsquo;ensemble de mes conseillers municipaux, de mettre en place une action publique s\u00e9rieuse, en \u00e9vitant les effets d&rsquo;annonce, en privil\u00e9giant des d\u00e9cisions utiles, m\u00fbrement r\u00e9fl\u00e9chies, en lien \u00e9troit avec les habitants, les associations et les d\u00e9cideurs locaux.<\/p>\n<p>Les presque 18 ann\u00e9es \u00e9coul\u00e9es nous ont permis de consolider les fondamentaux de notre commune : une gestion financi\u00e8re rigoureuse et pragmatique, des services publics adapt\u00e9s \u00e0 l&rsquo;\u00e9volution de notre population et de nos comp\u00e9tences, des projets structurants men\u00e9s en concertation avec nos partenaires institutionnels, sans jamais perdre de vue notre cadre de vie, afin de garantir un avenir serein \u00e0 Vinon.<\/p>\n<p>Aujourd&rsquo;hui, de nouveaux d\u00e9fis se pr\u00e9sentent \u00e0 nous : la transition \u00e9cologique, l&rsquo;\u00e9volution d\u00e9mographique, la diminution de nos ressources naturelles et financi\u00e8res.<\/p>\n<p>En revanche, nous devons r\u00e9pondre aux attentes l\u00e9gitimes de nos concitoyens en mati\u00e8re de proximit\u00e9, de s\u00e9curit\u00e9 et de solidarit\u00e9. Ces enjeux n\u00e9cessitent des r\u00e9ponses adapt\u00e9es, claires et r\u00e9alistes.<\/p>\n<p>C&rsquo;est dans cet esprit constructif que j&rsquo;ai souhait\u00e9 poursuivre mon engagement municipal, entour\u00e9 d&rsquo;une \u00e9quipe en partie renouvel\u00e9e, comp\u00e9tente et profond\u00e9ment attach\u00e9e \u00e0 Vinon.<\/p>\n<p><strong>Avec l&rsquo;\u00e9quipe \u00ab Unis pour Vinon \u00bb, je fais le choix de la continuit\u00e9, de l&rsquo;exp\u00e9rience, du dialogue et de l&rsquo;ouverture \u00e0 de nouvelles id\u00e9es, pour pr\u00e9parer le Vinon de demain et construire, avec l&rsquo;ensemble des Vinonnaises et des Vinonnais, une commune qui, tout en restant fid\u00e8le \u00e0 ses valeurs, sera r\u00e9solument tourn\u00e9e vers l&rsquo;avenir.<\/strong><\/p>\n<figure itemscope itemtype=\"https:\/\/schema.org\/ImageObject\">\n\t\t\t\t<a href=\"https:\/\/unis-pour-vinon.fr\/2026\/accueil\/\"  target=\"_blank\" rel=\"noopener\"  itemprop=\"url\">\n\t\t\t\t<img decoding=\"async\" src=\"https:\/\/unis-pour-vinon.fr\/2026\/wp-content\/uploads\/2025\/12\/Photo-de-profil-FB-5.png\" alt=\"Photo de profil FB 5\" height=\"960\" width=\"960\" title=\"Photo de profil FB 5\" onerror=\"this.style.display='none'\" loading=\"lazy\" \/>\n\t\t\t\t<\/a>\n\t<\/figure>\n\n","protected":false},"excerpt":{"rendered":"<p>Le mot du Maire \u00catre maire d&rsquo;une commune rurale est un engagement tr\u00e8s exigeant, mais profond\u00e9ment humain : il faut aimer les gens ! C&rsquo;est une responsabilit\u00e9 qui oblige \u00e0 \u00e9couter les administr\u00e9s, \u00e0 d\u00e9cider avec mesure, \u00e0 agir dans l&rsquo;int\u00e9r\u00eat g\u00e9n\u00e9ral de la collectivit\u00e9, au plus pr\u00e8s des r\u00e9alit\u00e9s du quotidien. Depuis 2008, j&rsquo;exerce&hellip;<\/p>\n","protected":false},"author":2,"featured_media":0,"parent":0,"menu_order":0,"comment_status":"closed","ping_status":"closed","template":"tpl-no-header-footer.php","meta":{"footnotes":""},"class_list":["post-17","page","type-page","status-publish","hentry"],"_links":{"self":[{"href":"https:\/\/unis-pour-vinon.fr\/2026\/wp-json\/wp\/v2\/pages\/17","targetHints":{"allow":["GET"]}}],"collection":[{"href":"https:\/\/unis-pour-vinon.fr\/2026\/wp-json\/wp\/v2\/pages"}],"about":[{"href":"https:\/\/unis-pour-vinon.fr\/2026\/wp-json\/wp\/v2\/types\/page"}],"author":[{"embeddable":true,"href":"https:\/\/unis-pour-vinon.fr\/2026\/wp-json\/wp\/v2\/users\/2"}],"replies":[{"embeddable":true,"href":"https:\/\/unis-pour-vinon.fr\/2026\/wp-json\/wp\/v2\/comments?post=17"}],"version-history":[{"count":11,"href":"https:\/\/unis-pour-vinon.fr\/2026\/wp-json\/wp\/v2\/pages\/17\/revisions"}],"predecessor-version":[{"id":553,"href":"https:\/\/unis-pour-vinon.fr\/2026\/wp-json\/wp\/v2\/pages\/17\/revisions\/553"}],"wp:attachment":[{"href":"https:\/\/unis-pour-vinon.fr\/2026\/wp-json\/wp\/v2\/media?parent=17"}],"curies":[{"name":"wp","href":"https:\/\/api.w.org\/{rel}","templated":true}]}}