{"id":199,"date":"2026-01-20T08:32:36","date_gmt":"2026-01-20T08:32:36","guid":{"rendered":"https:\/\/unis-pour-vinon.fr\/2026\/?page_id=199"},"modified":"2026-01-23T08:17:33","modified_gmt":"2026-01-23T08:17:33","slug":"conditions-generales-dutilisation","status":"publish","type":"page","link":"https:\/\/unis-pour-vinon.fr\/2026\/conditions-generales-dutilisation\/","title":{"rendered":"Conditions G\u00e9n\u00e9rales d\u2019Utilisation"},"content":{"rendered":"\n<figure itemscope itemtype=\"https:\/\/schema.org\/ImageObject\">\n\t\t\t\t<img decoding=\"async\" src=\"https:\/\/unis-pour-vinon.fr\/2026\/wp-content\/uploads\/2026\/01\/Couverture-def.png\" alt=\"Couverture-def\" height=\"474\" width=\"1280\" title=\"Couverture-def\" onerror=\"this.style.display='none'\" loading=\"lazy\" \/>\n\t<\/figure>\n\t<h2 data-start=\"1282\" data-end=\"1321\">Conditions G\u00e9n\u00e9rales d&rsquo;Utilisation<\/h2>\n<strong data-start=\"1322\" data-end=\"1351\">Site : unis-pour-vinon.fr<\/strong>\n<h3 data-start=\"1353\" data-end=\"1365\">1. Objet<\/h3>\nLe site <strong data-start=\"1374\" data-end=\"1396\">unis-pour-vinon.fr<\/strong> a pour objet de pr\u00e9senter les id\u00e9es, propositions, actions et actualit\u00e9s de l&rsquo;\u00e9quipe <strong data-start=\"1482\" data-end=\"1501\">Unis pour Vinon<\/strong> dans le cadre d&rsquo;une campagne \u00e9lectorale municipale.\n<hr data-start=\"1555\" data-end=\"1558\" \/>\n<h3 data-start=\"1560\" data-end=\"1580\">2. Acc\u00e8s au site<\/h3>\nLe site est accessible gratuitement \u00e0 tout utilisateur disposant d&rsquo;un acc\u00e8s \u00e0 Internet.<br data-start=\"1668\" data-end=\"1671\" \/>L&rsquo;acc\u00e8s au site peut \u00eatre suspendu temporairement pour des raisons techniques ou de maintenance.\n<hr data-start=\"1769\" data-end=\"1772\" \/>\n<h3 data-start=\"1774\" data-end=\"1789\">3. Contenus<\/h3>\nLes contenus publi\u00e9s sont fournis \u00e0 titre informatif et militant.<br data-start=\"1855\" data-end=\"1858\" \/>Ils refl\u00e8tent les positions et propositions de l&rsquo;\u00e9quipe <strong data-start=\"1914\" data-end=\"1933\">Unis pour Vinon<\/strong> dans le cadre du d\u00e9bat d\u00e9mocratique.\nL&rsquo;\u00e9diteur se r\u00e9serve le droit de modifier ou supprimer tout contenu sans pr\u00e9avis.\n<hr data-start=\"2055\" data-end=\"2058\" \/>\n<h3 data-start=\"2060\" data-end=\"2098\">4. Responsabilit\u00e9 de l&rsquo;utilisateur<\/h3>\nL&rsquo;utilisateur s&rsquo;engage \u00e0 utiliser le site de mani\u00e8re loyale et conforme \u00e0 la loi.<br data-start=\"2180\" data-end=\"2183\" \/>Tout usage abusif, diffamatoire ou contraire aux lois en vigueur est interdit.\n<hr data-start=\"2263\" data-end=\"2266\" \/>\n<h3 data-start=\"2268\" data-end=\"2289\">5. Liens externes<\/h3>\nLe site peut contenir des liens vers d&rsquo;autres sites.<br data-start=\"2342\" data-end=\"2345\" \/>L&rsquo;\u00e9diteur n&rsquo;exerce aucun contr\u00f4le sur ces sites et d\u00e9cline toute responsabilit\u00e9 quant \u00e0 leur contenu.\n<hr data-start=\"2448\" data-end=\"2451\" \/>\n<h3 data-start=\"2453\" data-end=\"2476\">6. Droit applicable<\/h3>\nLes pr\u00e9sentes CGU sont r\u00e9gies par le droit fran\u00e7ais.<br data-start=\"2529\" data-end=\"2532\" \/>Tout litige rel\u00e8ve de la comp\u00e9tence des juridictions fran\u00e7aises.\n<figure itemscope itemtype=\"https:\/\/schema.org\/ImageObject\">\n\t\t\t\t<a href=\"https:\/\/unis-pour-vinon.fr\/2026\/accueil\/\"  target=\"_blank\" rel=\"noopener\"  itemprop=\"url\">\n\t\t\t\t<img decoding=\"async\" src=\"https:\/\/unis-pour-vinon.fr\/2026\/wp-content\/uploads\/2025\/12\/Photo-de-profil-FB-5.png\" alt=\"Photo de profil FB 5\" height=\"960\" width=\"960\" title=\"Photo de profil FB 5\" onerror=\"this.style.display='none'\" loading=\"lazy\" \/>\n\t\t\t\t<\/a>\n\t<\/figure>\n\n","protected":false},"excerpt":{"rendered":"<p>Conditions G\u00e9n\u00e9rales d&rsquo;Utilisation Site : unis-pour-vinon.fr 1. Objet Le site unis-pour-vinon.fr a pour objet de pr\u00e9senter les id\u00e9es, propositions, actions et actualit\u00e9s de l&rsquo;\u00e9quipe Unis pour Vinon dans le cadre d&rsquo;une campagne \u00e9lectorale municipale. 2. Acc\u00e8s au site Le site est accessible gratuitement \u00e0 tout utilisateur disposant d&rsquo;un acc\u00e8s \u00e0 Internet.L&rsquo;acc\u00e8s au site peut \u00eatre&hellip;<\/p>\n","protected":false},"author":1,"featured_media":0,"parent":0,"menu_order":0,"comment_status":"closed","ping_status":"closed","template":"tpl-no-header-footer.php","meta":{"footnotes":""},"class_list":["post-199","page","type-page","status-publish","hentry"],"_links":{"self":[{"href":"https:\/\/unis-pour-vinon.fr\/2026\/wp-json\/wp\/v2\/pages\/199","targetHints":{"allow":["GET"]}}],"collection":[{"href":"https:\/\/unis-pour-vinon.fr\/2026\/wp-json\/wp\/v2\/pages"}],"about":[{"href":"https:\/\/unis-pour-vinon.fr\/2026\/wp-json\/wp\/v2\/types\/page"}],"author":[{"embeddable":true,"href":"https:\/\/unis-pour-vinon.fr\/2026\/wp-json\/wp\/v2\/users\/1"}],"replies":[{"embeddable":true,"href":"https:\/\/unis-pour-vinon.fr\/2026\/wp-json\/wp\/v2\/comments?post=199"}],"version-history":[{"count":5,"href":"https:\/\/unis-pour-vinon.fr\/2026\/wp-json\/wp\/v2\/pages\/199\/revisions"}],"predecessor-version":[{"id":328,"href":"https:\/\/unis-pour-vinon.fr\/2026\/wp-json\/wp\/v2\/pages\/199\/revisions\/328"}],"wp:attachment":[{"href":"https:\/\/unis-pour-vinon.fr\/2026\/wp-json\/wp\/v2\/media?parent=199"}],"curies":[{"name":"wp","href":"https:\/\/api.w.org\/{rel}","templated":true}]}}