{"id":203,"date":"2026-01-20T08:34:25","date_gmt":"2026-01-20T08:34:25","guid":{"rendered":"https:\/\/unis-pour-vinon.fr\/2026\/?page_id=203"},"modified":"2026-01-23T08:17:47","modified_gmt":"2026-01-23T08:17:47","slug":"politique-de-confidentialite","status":"publish","type":"page","link":"https:\/\/unis-pour-vinon.fr\/2026\/politique-de-confidentialite\/","title":{"rendered":"Politique de confidentialit\u00e9"},"content":{"rendered":"\n<figure itemscope itemtype=\"https:\/\/schema.org\/ImageObject\">\n\t\t\t\t<img decoding=\"async\" src=\"https:\/\/unis-pour-vinon.fr\/2026\/wp-content\/uploads\/2026\/01\/Couverture-def.png\" alt=\"Couverture-def\" height=\"474\" width=\"1280\" title=\"Couverture-def\" onerror=\"this.style.display='none'\" loading=\"lazy\" \/>\n\t<\/figure>\n\t<h3 data-start=\"2712\" data-end=\"2737\">1. Donn\u00e9es collect\u00e9es<\/h3>\nLe site <strong data-start=\"2746\" data-end=\"2768\">unis-pour-vinon.fr<\/strong> collecte des donn\u00e9es personnelles uniquement via :\n<ul data-start=\"2820\" data-end=\"2947\">\n<li data-start=\"2820\" data-end=\"2947\">\nun <strong data-start=\"2825\" data-end=\"2850\">formulaire de contact<\/strong>, permettant aux utilisateurs d&rsquo;envoyer des messages ou remarques \u00e0 l&rsquo;\u00e9quipe <strong data-start=\"2927\" data-end=\"2946\">Unis pour Vinon<\/strong>.\n<\/li>\n<\/ul>\nLes donn\u00e9es collect\u00e9es peuvent inclure :\n<ul data-start=\"2990\" data-end=\"3049\">\n<li data-start=\"2990\" data-end=\"3010\">\nnom ou pseudonyme,\n<\/li>\n<li data-start=\"3011\" data-end=\"3027\">\nadresse email,\n<\/li>\n<li data-start=\"3028\" data-end=\"3049\">\ncontenu du message.\n<\/li>\n<\/ul>\n<hr data-start=\"3051\" data-end=\"3054\" \/>\n<h3 data-start=\"3056\" data-end=\"3085\">2. Finalit\u00e9 du traitement<\/h3>\nLes donn\u00e9es collect\u00e9es sont utilis\u00e9es exclusivement pour :\n<ul data-start=\"3145\" data-end=\"3261\">\n<li data-start=\"3145\" data-end=\"3175\">\nr\u00e9pondre aux messages re\u00e7us,\n<\/li>\n<li data-start=\"3176\" data-end=\"3261\">\nprendre en compte les remont\u00e9es citoyennes dans le cadre de la campagne \u00e9lectorale.\n<\/li>\n<\/ul>\nAucune newsletter n&rsquo;est constitu\u00e9e.<br data-start=\"3298\" data-end=\"3301\" \/>Aucune donn\u00e9e n&rsquo;est vendue, c\u00e9d\u00e9e ou transmise \u00e0 des tiers.\n<hr data-start=\"3362\" data-end=\"3365\" \/>\n<h3 data-start=\"3367\" data-end=\"3395\">3. Dur\u00e9e de conservation<\/h3>\nLes donn\u00e9es sont conserv\u00e9es pendant la dur\u00e9e strictement n\u00e9cessaire au traitement des messages et au suivi de la campagne \u00e9lectorale.\n<hr data-start=\"3531\" data-end=\"3534\" \/>\n<h3 data-start=\"3536\" data-end=\"3571\">4. Cookies et mesure d&rsquo;audience<\/h3>\nLe site utilise l&rsquo;outil <strong data-start=\"3596\" data-end=\"3606\">Matomo<\/strong> pour la mesure d&rsquo;audience.<br data-start=\"3633\" data-end=\"3636\" \/>Matomo est h\u00e9berg\u00e9 en interne.\nDes <strong data-start=\"3672\" data-end=\"3704\">cookies de mesure d&rsquo;audience<\/strong> sont utilis\u00e9s afin d&rsquo;analyser la fr\u00e9quentation du site et d&rsquo;en am\u00e9liorer le fonctionnement.<br data-start=\"3796\" data-end=\"3799\" \/>Aucune donn\u00e9e n&rsquo;est partag\u00e9e avec des tiers.\nL&rsquo;utilisateur peut refuser ou supprimer les cookies via les param\u00e8tres de son navigateur.\n<hr data-start=\"3936\" data-end=\"3939\" \/>\n<h3 data-start=\"3941\" data-end=\"3971\">5. Droits des utilisateurs<\/h3>\nConform\u00e9ment au R\u00e8glement G\u00e9n\u00e9ral sur la Protection des Donn\u00e9es (RGPD), chaque utilisateur dispose des droits suivants :\n<ul data-start=\"4093\" data-end=\"4185\">\n<li data-start=\"4093\" data-end=\"4109\">\ndroit d&rsquo;acc\u00e8s,\n<\/li>\n<li data-start=\"4110\" data-end=\"4135\">\ndroit de rectification,\n<\/li>\n<li data-start=\"4136\" data-end=\"4185\">\ndroit de suppression des donn\u00e9es le concernant.\n<\/li>\n<\/ul>\nCes droits peuvent \u00eatre exerc\u00e9s en \u00e9crivant \u00e0 :<br data-start=\"4234\" data-end=\"4237\" \/>\ud83d\udce7 <strong data-start=\"4240\" data-end=\"4270\"><a rel=\"noopener\" data-start=\"4242\" data-end=\"4268\">contact@unis-pour-vinon.fr<\/a><\/strong>\n<hr data-start=\"4272\" data-end=\"4275\" \/>\n<h3 data-start=\"4277\" data-end=\"4309\">6. Responsable du traitement<\/h3>\nLe responsable du traitement des donn\u00e9es est :<br data-start=\"4356\" data-end=\"4359\" \/><strong data-start=\"4359\" data-end=\"4377\">Claude Cheilan<\/strong>,<br data-start=\"4378\" data-end=\"4381\" \/>pour l&rsquo;\u00e9quipe <strong data-start=\"4395\" data-end=\"4414\">Unis pour Vinon<\/strong>.\n<figure itemscope itemtype=\"https:\/\/schema.org\/ImageObject\">\n\t\t\t\t<a href=\"https:\/\/unis-pour-vinon.fr\/2026\/accueil\/\"  target=\"_blank\" rel=\"noopener\"  itemprop=\"url\">\n\t\t\t\t<img decoding=\"async\" src=\"https:\/\/unis-pour-vinon.fr\/2026\/wp-content\/uploads\/2025\/12\/Photo-de-profil-FB-5.png\" alt=\"Photo de profil FB 5\" height=\"960\" width=\"960\" title=\"Photo de profil FB 5\" onerror=\"this.style.display='none'\" loading=\"lazy\" \/>\n\t\t\t\t<\/a>\n\t<\/figure>\n\n","protected":false},"excerpt":{"rendered":"<p>1. Donn\u00e9es collect\u00e9es Le site unis-pour-vinon.fr collecte des donn\u00e9es personnelles uniquement via : un formulaire de contact, permettant aux utilisateurs d&rsquo;envoyer des messages ou remarques \u00e0 l&rsquo;\u00e9quipe Unis pour Vinon. Les donn\u00e9es collect\u00e9es peuvent inclure : nom ou pseudonyme, adresse email, contenu du message. 2. Finalit\u00e9 du traitement Les donn\u00e9es collect\u00e9es sont utilis\u00e9es exclusivement pour&hellip;<\/p>\n","protected":false},"author":1,"featured_media":0,"parent":0,"menu_order":0,"comment_status":"closed","ping_status":"closed","template":"tpl-no-header-footer.php","meta":{"footnotes":""},"class_list":["post-203","page","type-page","status-publish","hentry"],"_links":{"self":[{"href":"https:\/\/unis-pour-vinon.fr\/2026\/wp-json\/wp\/v2\/pages\/203","targetHints":{"allow":["GET"]}}],"collection":[{"href":"https:\/\/unis-pour-vinon.fr\/2026\/wp-json\/wp\/v2\/pages"}],"about":[{"href":"https:\/\/unis-pour-vinon.fr\/2026\/wp-json\/wp\/v2\/types\/page"}],"author":[{"embeddable":true,"href":"https:\/\/unis-pour-vinon.fr\/2026\/wp-json\/wp\/v2\/users\/1"}],"replies":[{"embeddable":true,"href":"https:\/\/unis-pour-vinon.fr\/2026\/wp-json\/wp\/v2\/comments?post=203"}],"version-history":[{"count":5,"href":"https:\/\/unis-pour-vinon.fr\/2026\/wp-json\/wp\/v2\/pages\/203\/revisions"}],"predecessor-version":[{"id":329,"href":"https:\/\/unis-pour-vinon.fr\/2026\/wp-json\/wp\/v2\/pages\/203\/revisions\/329"}],"wp:attachment":[{"href":"https:\/\/unis-pour-vinon.fr\/2026\/wp-json\/wp\/v2\/media?parent=203"}],"curies":[{"name":"wp","href":"https:\/\/api.w.org\/{rel}","templated":true}]}}