{"id":207,"date":"2026-01-20T08:35:50","date_gmt":"2026-01-20T08:35:50","guid":{"rendered":"https:\/\/unis-pour-vinon.fr\/2026\/?page_id=207"},"modified":"2026-01-23T08:16:37","modified_gmt":"2026-01-23T08:16:37","slug":"mentions-legales","status":"publish","type":"page","link":"https:\/\/unis-pour-vinon.fr\/2026\/mentions-legales\/","title":{"rendered":"Mentions l\u00e9gales"},"content":{"rendered":"\n\n\t<h3 data-start=\"289\" data-end=\"308\">\u00c9diteur du site<\/h3>\nLe site <strong data-start=\"317\" data-end=\"339\">unis-pour-vinon.fr<\/strong> est \u00e9dit\u00e9 par <strong data-start=\"354\" data-end=\"382\">l&rsquo;\u00e9quipe Unis pour Vinon<\/strong>,<br data-start=\"383\" data-end=\"386\" \/>sous la responsabilit\u00e9 de :\n<strong data-start=\"415\" data-end=\"433\">Claude Cheilan<\/strong><br data-start=\"433\" data-end=\"436\" \/>Responsable de la publication\n<img decoding=\"async\" role=\"img\" draggable=\"false\" src=\"https:\/\/s.w.org\/images\/core\/emoji\/17.0.2\/svg\/1f4e7.svg\" alt=\"\ud83d\udce7\" \/> Contact : <strong data-start=\"480\" data-end=\"510\"><a rel=\"noopener\" data-start=\"482\" data-end=\"508\">contact@unis-pour-vinon.fr<\/a><\/strong>\n<hr data-start=\"536\" data-end=\"539\" \/>\n<h3 data-start=\"541\" data-end=\"556\">H\u00e9bergement<\/h3>\nLe site est h\u00e9berg\u00e9 par :<br data-start=\"582\" data-end=\"585\" \/><strong data-start=\"585\" data-end=\"592\">SDM<\/strong><br data-start=\"592\" data-end=\"595\" \/>H\u00e9bergement r\u00e9alis\u00e9 en France.\n<hr data-start=\"627\" data-end=\"630\" \/>\n<h3 data-start=\"632\" data-end=\"645\">Webmaster<\/h3>\n<strong data-start=\"646\" data-end=\"678\">SDM &#8211; \u00c9quipe Unis pour Vinon<\/strong>\n<hr data-start=\"680\" data-end=\"683\" \/>\n<h3 data-start=\"685\" data-end=\"713\">Propri\u00e9t\u00e9 intellectuelle<\/h3>\nL&rsquo;ensemble des contenus pr\u00e9sents sur le site (textes, images, vid\u00e9os, documents, graphismes, logos) est prot\u00e9g\u00e9 par le droit de la propri\u00e9t\u00e9 intellectuelle.\nToute reproduction, repr\u00e9sentation ou diffusion, totale ou partielle, sans autorisation pr\u00e9alable, est interdite, sauf exceptions pr\u00e9vues par la loi.\n<hr data-start=\"1023\" data-end=\"1026\" \/>\n<h3 data-start=\"1028\" data-end=\"1046\">Responsabilit\u00e9<\/h3>\nL&rsquo;\u00e9diteur s&rsquo;efforce de fournir des informations exactes et \u00e0 jour.<br data-start=\"1113\" data-end=\"1116\" \/>Il ne saurait \u00eatre tenu responsable d&rsquo;erreurs, d&rsquo;omissions ou d&rsquo;une indisponibilit\u00e9 temporaire du site.\n<figure itemscope itemtype=\"https:\/\/schema.org\/ImageObject\">\n\t\t\t\t<a href=\"https:\/\/unis-pour-vinon.fr\/2026\/accueil\/\"  target=\"_blank\" rel=\"noopener\"  itemprop=\"url\">\n\t\t\t\t<img decoding=\"async\" src=\"https:\/\/unis-pour-vinon.fr\/2026\/wp-content\/uploads\/2025\/12\/Photo-de-profil-FB-5.png\" alt=\"Photo de profil FB 5\" height=\"960\" width=\"960\" title=\"Photo de profil FB 5\" onerror=\"this.style.display='none'\" loading=\"lazy\" \/>\n\t\t\t\t<\/a>\n\t<\/figure>\n\n","protected":false},"excerpt":{"rendered":"<p>\u00c9diteur du site Le site unis-pour-vinon.fr est \u00e9dit\u00e9 par l&rsquo;\u00e9quipe Unis pour Vinon,sous la responsabilit\u00e9 de : Claude CheilanResponsable de la publication Contact : contact@unis-pour-vinon.fr H\u00e9bergement Le site est h\u00e9berg\u00e9 par :SDMH\u00e9bergement r\u00e9alis\u00e9 en France. Webmaster SDM &#8211; \u00c9quipe Unis pour Vinon Propri\u00e9t\u00e9 intellectuelle L&rsquo;ensemble des contenus pr\u00e9sents sur le site (textes, images, vid\u00e9os, documents,&hellip;<\/p>\n","protected":false},"author":1,"featured_media":0,"parent":0,"menu_order":0,"comment_status":"closed","ping_status":"closed","template":"tpl-no-header-footer.php","meta":{"footnotes":""},"class_list":["post-207","page","type-page","status-publish","hentry"],"_links":{"self":[{"href":"https:\/\/unis-pour-vinon.fr\/2026\/wp-json\/wp\/v2\/pages\/207","targetHints":{"allow":["GET"]}}],"collection":[{"href":"https:\/\/unis-pour-vinon.fr\/2026\/wp-json\/wp\/v2\/pages"}],"about":[{"href":"https:\/\/unis-pour-vinon.fr\/2026\/wp-json\/wp\/v2\/types\/page"}],"author":[{"embeddable":true,"href":"https:\/\/unis-pour-vinon.fr\/2026\/wp-json\/wp\/v2\/users\/1"}],"replies":[{"embeddable":true,"href":"https:\/\/unis-pour-vinon.fr\/2026\/wp-json\/wp\/v2\/comments?post=207"}],"version-history":[{"count":5,"href":"https:\/\/unis-pour-vinon.fr\/2026\/wp-json\/wp\/v2\/pages\/207\/revisions"}],"predecessor-version":[{"id":327,"href":"https:\/\/unis-pour-vinon.fr\/2026\/wp-json\/wp\/v2\/pages\/207\/revisions\/327"}],"wp:attachment":[{"href":"https:\/\/unis-pour-vinon.fr\/2026\/wp-json\/wp\/v2\/media?parent=207"}],"curies":[{"name":"wp","href":"https:\/\/api.w.org\/{rel}","templated":true}]}}