{"id":48,"date":"2025-12-23T09:36:45","date_gmt":"2025-12-23T09:36:45","guid":{"rendered":"https:\/\/unis-pour-vinon.fr\/2026\/?page_id=48"},"modified":"2026-02-04T07:44:08","modified_gmt":"2026-02-04T07:44:08","slug":"lequipe","status":"publish","type":"page","link":"https:\/\/unis-pour-vinon.fr\/2026\/lequipe\/","title":{"rendered":"L&rsquo;\u00e9quipe"},"content":{"rendered":"\n<figure itemscope itemtype=\"https:\/\/schema.org\/ImageObject\">\n\t\t\t\t<img decoding=\"async\" src=\"https:\/\/unis-pour-vinon.fr\/2026\/wp-content\/uploads\/2026\/01\/Couverture-def.png\" alt=\"Couverture-def\" height=\"474\" width=\"1280\" title=\"Couverture-def\" onerror=\"this.style.display='none'\" loading=\"lazy\" \/>\n\t<\/figure>\n<h1>\n\t\t\tL&rsquo;\u00e9quipe\t<\/h1>\n\t\t<figure itemscope itemtype=\"https:\/\/schema.org\/ImageObject\">\n\t\t\t\t<img decoding=\"async\" src=\"https:\/\/unis-pour-vinon.fr\/2026\/wp-content\/uploads\/bb-plugin\/cache\/05012026-05012026-P1032993-Modifier-Modifier-circle-d891cf9177f77567d7eed63b9cc872d0-.jpg\" alt=\"05012026-05012026-P1032993-Modifier-Modifier\" height=\"1746\" width=\"1746\" title=\"05012026-05012026-P1032993-Modifier-Modifier\" onerror=\"this.style.display='none'\" loading=\"lazy\" \/>\n\t<\/figure>\n<h2>Claude CHEILAN<\/h2><p><i>67 ans<\/i><\/p>\n\t<p>Chef d&rsquo;exploitation agricole (retrait\u00e9)<\/p>\n<p>Maire sortant<\/p>\n\t\t<figure itemscope itemtype=\"https:\/\/schema.org\/ImageObject\">\n\t\t\t\t<img decoding=\"async\" src=\"https:\/\/unis-pour-vinon.fr\/2026\/wp-content\/uploads\/bb-plugin\/cache\/24012026-24012026-P1033295-Modifier-Modifier-circle-5b9db9f91c99c1ca527e719c25263788-.jpg\" alt=\"24012026-24012026-P1033295-Modifier-Modifier\" height=\"2473\" width=\"2473\" title=\"24012026-24012026-P1033295-Modifier-Modifier\" onerror=\"this.style.display='none'\" loading=\"lazy\" \/>\n\t<\/figure>\n<h2>Matthieu DUTERTRE<\/h2><p><em>48 ans<\/em><\/p>\n\t<p>Journaliste<\/p>\n\t\t<figure itemscope itemtype=\"https:\/\/schema.org\/ImageObject\">\n\t\t\t\t<img decoding=\"async\" src=\"https:\/\/unis-pour-vinon.fr\/2026\/wp-content\/uploads\/bb-plugin\/cache\/22012026-22012026-P1033272-Modifier-Modifier-circle-2b908dafce574412d00d7cdec6e95499-.jpg\" alt=\"22012026-22012026-P1033272-Modifier-Modifier\" height=\"1649\" width=\"1649\" title=\"22012026-22012026-P1033272-Modifier-Modifier\" onerror=\"this.style.display='none'\" loading=\"lazy\" \/>\n\t<\/figure>\n<h3>Ma\u00eft\u00e9 NO\u00c9<\/h3><p><i>73 ans<\/i><\/p>\n<p><i>Secr\u00e9taire retrait\u00e9e<\/i><\/p>\n\t\t<figure itemscope itemtype=\"https:\/\/schema.org\/ImageObject\">\n\t\t\t\t<img decoding=\"async\" src=\"https:\/\/unis-pour-vinon.fr\/2026\/wp-content\/uploads\/bb-plugin\/cache\/06012026-06012026-P1033038-Modifier-Modifier-circle-547c933a3f8152fc3a4af11361188829-.jpg\" alt=\"06012026-06012026-P1033038-Modifier-Modifier\" height=\"1424\" width=\"1424\" title=\"06012026-06012026-P1033038-Modifier-Modifier\" onerror=\"this.style.display='none'\" loading=\"lazy\" \/>\n\t<\/figure>\n<h3>Guy ARMAND<\/h3><p><i>67 ans<\/i><\/p>\n<p><i>Technicien retrait\u00e9<\/i><\/p>\n\t\t<figure itemscope itemtype=\"https:\/\/schema.org\/ImageObject\">\n\t\t\t\t<img decoding=\"async\" src=\"https:\/\/unis-pour-vinon.fr\/2026\/wp-content\/uploads\/bb-plugin\/cache\/29122025-29122025-P1032683-Modifier-Modifier-circle-270e3096dc2ac14f3e1bb51c148d991c-.jpg\" alt=\"29122025-29122025-P1032683-Modifier-Modifier\" height=\"1275\" width=\"1275\" title=\"29122025-29122025-P1032683-Modifier-Modifier\" onerror=\"this.style.display='none'\" loading=\"lazy\" \/>\n\t<\/figure>\n<h3>Jackye TEYCHENNE<\/h3><p><i>68 ans<\/i><\/p>\n<p><i>Agricultrice retrait\u00e9e<\/i><\/p>\n\t\t<figure itemscope itemtype=\"https:\/\/schema.org\/ImageObject\">\n\t\t\t\t<img decoding=\"async\" src=\"https:\/\/unis-pour-vinon.fr\/2026\/wp-content\/uploads\/bb-plugin\/cache\/09012026-09012026-P1033122-Modifier-Modifier-circle-2d01a64496312600a58f484a76143036-.jpg\" alt=\"09012026-09012026-P1033122-Modifier-Modifier\" height=\"1993\" width=\"1495\" title=\"09012026-09012026-P1033122-Modifier-Modifier\" onerror=\"this.style.display='none'\" loading=\"lazy\" \/>\n\t<\/figure>\n<h3>Laurent BONHOMME<\/h3><p><i>75 ans<\/i><\/p>\n<p><i>Architecte retrait\u00e9<\/i><\/p>\n\t\t<figure itemscope itemtype=\"https:\/\/schema.org\/ImageObject\">\n\t\t\t\t<img decoding=\"async\" src=\"https:\/\/unis-pour-vinon.fr\/2026\/wp-content\/uploads\/bb-plugin\/cache\/24012026-24012026-P1033308-Modifier-2-Modifier-circle-68d581496ce0fac9c05750b66e1d017d-.jpg\" alt=\"24012026-24012026-P1033308-Modifier-2-Modifier\" height=\"2462\" width=\"2462\" title=\"24012026-24012026-P1033308-Modifier-2-Modifier\" onerror=\"this.style.display='none'\" loading=\"lazy\" \/>\n\t<\/figure>\n<h3>Virginie COUTERET<\/h3><p><i>46 ans<\/i><\/p>\n<p><i>Infirmi\u00e8re formatrice<\/i><\/p>\n\t\t<figure itemscope itemtype=\"https:\/\/schema.org\/ImageObject\">\n\t\t\t\t<img decoding=\"async\" src=\"https:\/\/unis-pour-vinon.fr\/2026\/wp-content\/uploads\/bb-plugin\/cache\/06012026-06012026-P1033049-Modifier-Modifier-circle-1cd646f68c68d100e18bd540469e1760-.jpg\" alt=\"06012026-06012026-P1033049-Modifier-Modifier\" height=\"1674\" width=\"1674\" title=\"06012026-06012026-P1033049-Modifier-Modifier\" onerror=\"this.style.display='none'\" loading=\"lazy\" \/>\n\t<\/figure>\n<h3>Jean-Claude Seguin<\/h3><p><i>65 ans<\/i><\/p>\n<p><i>ing\u00e9nieur retrait\u00e9<\/i><\/p>\n\t\t<figure itemscope itemtype=\"https:\/\/schema.org\/ImageObject\">\n\t\t\t\t<img decoding=\"async\" src=\"https:\/\/unis-pour-vinon.fr\/2026\/wp-content\/uploads\/bb-plugin\/cache\/24012026-24012026-P1033350-Modifier-Modifier-circle-ad5e2d68e05ff24191ee0ec5b3efb1b5-.jpg\" alt=\"24012026-24012026-P1033350-Modifier-Modifier\" height=\"1853\" width=\"1853\" title=\"24012026-24012026-P1033350-Modifier-Modifier\" onerror=\"this.style.display='none'\" loading=\"lazy\" \/>\n\t<\/figure>\n<h3>Sylvie GUEYRAUD<\/h3><p><i>57 ans<\/i><\/p>\n<p><i>Assistante commerciale<\/i><\/p>\n\n\t\t<figure itemscope itemtype=\"https:\/\/schema.org\/ImageObject\">\n\t\t\t\t<img decoding=\"async\" src=\"https:\/\/unis-pour-vinon.fr\/2026\/wp-content\/uploads\/bb-plugin\/cache\/22012026-22012026-P1033215-Modifier-Modifier-circle-3e7dc3103548d80905996d066989a8b0-.jpg\" alt=\"22012026-22012026-P1033215-Modifier-Modifier\" height=\"2059\" width=\"2059\" title=\"22012026-22012026-P1033215-Modifier-Modifier\" onerror=\"this.style.display='none'\" loading=\"lazy\" \/>\n\t<\/figure>\n<h3>Romain BARLATIER<\/h3><p><i>34 ans<\/i><\/p>\n<p><i>Agriculteur<\/i><\/p>\n\t\t<figure itemscope itemtype=\"https:\/\/schema.org\/ImageObject\">\n\t\t\t\t<img decoding=\"async\" src=\"https:\/\/unis-pour-vinon.fr\/2026\/wp-content\/uploads\/bb-plugin\/cache\/05012026-05012026-P1033022-Modifier-Modifier-circle-b999a3ccc6bad3a172b2d8f922e42546-.jpg\" alt=\"05012026-05012026-P1033022-Modifier-Modifier\" height=\"1481\" width=\"1481\" title=\"05012026-05012026-P1033022-Modifier-Modifier\" onerror=\"this.style.display='none'\" loading=\"lazy\" \/>\n\t<\/figure>\n<h3>Chryst\u00e8le RIOLLAND<\/h3><p><i>47 ans<\/i><\/p>\n<p><i>Professeure<\/i><\/p>\n\n\t\t<figure itemscope itemtype=\"https:\/\/schema.org\/ImageObject\">\n\t\t\t\t<img decoding=\"async\" src=\"https:\/\/unis-pour-vinon.fr\/2026\/wp-content\/uploads\/bb-plugin\/cache\/06012026-06012026-P1033068-Modifier-Modifier-circle-57a1a86837a8f9a09e2038e13e4adc57-.jpg\" alt=\"06012026-06012026-P1033068-Modifier-Modifier\" height=\"1649\" width=\"1649\" title=\"06012026-06012026-P1033068-Modifier-Modifier\" onerror=\"this.style.display='none'\" loading=\"lazy\" \/>\n\t<\/figure>\n<h3>Daniel BRANCHAT<\/h3><p><i>62 ans<\/i><\/p>\n<p><i>Ing\u00e9nieur EDF retrait\u00e9<\/i><\/p>\n\t\t<figure itemscope itemtype=\"https:\/\/schema.org\/ImageObject\">\n\t\t\t\t<img decoding=\"async\" src=\"https:\/\/unis-pour-vinon.fr\/2026\/wp-content\/uploads\/bb-plugin\/cache\/08012026-08012026-P1033113-Modifier-Modifier-circle-c03ef687ff5cbbe28f85e1df534858ee-.jpg\" alt=\"08012026-08012026-P1033113-Modifier-Modifier\" height=\"1983\" width=\"1983\" title=\"08012026-08012026-P1033113-Modifier-Modifier\" onerror=\"this.style.display='none'\" loading=\"lazy\" \/>\n\t<\/figure>\n<h3>Tina FONTANI\u00c9<\/h3><p><i>52 ans<\/i><\/p>\n<p><i>Naturopathe<\/i><\/p>\n\t\t<figure itemscope itemtype=\"https:\/\/schema.org\/ImageObject\">\n\t\t\t\t<img decoding=\"async\" src=\"https:\/\/unis-pour-vinon.fr\/2026\/wp-content\/uploads\/bb-plugin\/cache\/19012026-19012026-P1033196-Modifier-Modifier-circle-b83272d90bf70e9f268e8a3d4d339884-.jpg\" alt=\"19012026-19012026-P1033196-Modifier-Modifier\" height=\"1564\" width=\"1564\" title=\"19012026-19012026-P1033196-Modifier-Modifier\" onerror=\"this.style.display='none'\" loading=\"lazy\" \/>\n\t<\/figure>\n<h3>Jean-Vincent TOBI<\/h3><p><i>44 ans<\/i><\/p>\n<p><i>Diagnostiqueur<\/i><\/p>\n\n\t\t<figure itemscope itemtype=\"https:\/\/schema.org\/ImageObject\">\n\t\t\t\t<img decoding=\"async\" src=\"https:\/\/unis-pour-vinon.fr\/2026\/wp-content\/uploads\/bb-plugin\/cache\/04012026-04012026-P1032960-Modifier-Modifier-circle-f39f5d9fc81de32ce996d4ca5947edd1-.jpg\" alt=\"04012026-04012026-P1032960-Modifier-Modifier\" height=\"1724\" width=\"1724\" title=\"04012026-04012026-P1032960-Modifier-Modifier\" onerror=\"this.style.display='none'\" loading=\"lazy\" \/>\n\t<\/figure>\n<h3>Susan CLOUGH<\/h3><p><i>39 ans<\/i><\/p>\n<p><i>Professeure<\/i><\/p>\n\t\t<figure itemscope itemtype=\"https:\/\/schema.org\/ImageObject\">\n\t\t\t\t<img decoding=\"async\" src=\"https:\/\/unis-pour-vinon.fr\/2026\/wp-content\/uploads\/bb-plugin\/cache\/22012026-22012026-P1033257-Modifier-Modifier-circle-d5fc08dadf6f4cdeeb5a98758aab0ba2-.jpg\" alt=\"22012026-22012026-P1033257-Modifier-Modifier\" height=\"2264\" width=\"2264\" title=\"22012026-22012026-P1033257-Modifier-Modifier\" onerror=\"this.style.display='none'\" loading=\"lazy\" \/>\n\t<\/figure>\n<h3>Serge BAILLY<\/h3><p><i>61 ans<\/i><\/p>\n<p><i>Technicien <\/i><i>retrait\u00e9<\/i><\/p>\n\t\t<figure itemscope itemtype=\"https:\/\/schema.org\/ImageObject\">\n\t\t\t\t<img decoding=\"async\" src=\"https:\/\/unis-pour-vinon.fr\/2026\/wp-content\/uploads\/bb-plugin\/cache\/03012026-03012026-P1032934-Modifier-Modifier-circle-50f690d946b3be20e552ef080fa95553-.jpg\" alt=\"03012026-03012026-P1032934-Modifier-Modifier\" height=\"1216\" width=\"1216\" title=\"03012026-03012026-P1032934-Modifier-Modifier\" onerror=\"this.style.display='none'\" loading=\"lazy\" \/>\n\t<\/figure>\n<h3>Laure LA ROCCA<\/h3><p><i>42 ans<\/i><\/p>\n<p><i>Agent administratif<\/i><\/p>\n\n\t\t<figure itemscope itemtype=\"https:\/\/schema.org\/ImageObject\">\n\t\t\t\t<img decoding=\"async\" src=\"https:\/\/unis-pour-vinon.fr\/2026\/wp-content\/uploads\/bb-plugin\/cache\/05012026-05012026-P1032969-Modifier-Modifier-circle-df7e8695cee2f6d1b80700a3c359eef1-.jpg\" alt=\"05012026-05012026-P1032969-Modifier-Modifier\" height=\"1245\" width=\"1245\" title=\"05012026-05012026-P1032969-Modifier-Modifier\" onerror=\"this.style.display='none'\" loading=\"lazy\" \/>\n\t<\/figure>\n<h3>Christophe SANDR\u00c9<\/h3><p><i>58 ans<\/i><\/p>\n<p><i>Contremaitre<\/i><\/p>\n\t\t<figure itemscope itemtype=\"https:\/\/schema.org\/ImageObject\">\n\t\t\t\t<img decoding=\"async\" src=\"https:\/\/unis-pour-vinon.fr\/2026\/wp-content\/uploads\/bb-plugin\/cache\/28122025-28122025-P1032637-Modifier-Modifier-circle-e44649ca2855544ca3787f2244ec6052-.jpg\" alt=\"28122025-28122025-P1032637-Modifier-Modifier\" height=\"644\" width=\"644\" title=\"28122025-28122025-P1032637-Modifier-Modifier\" onerror=\"this.style.display='none'\" loading=\"lazy\" \/>\n\t<\/figure>\n<h3>Estelle SAYE<\/h3><p><i>55 ans<\/i><\/p>\n<p><i>Greffi\u00e8re<\/i><\/p>\n\t\t<figure itemscope itemtype=\"https:\/\/schema.org\/ImageObject\">\n\t\t\t\t<img decoding=\"async\" src=\"https:\/\/unis-pour-vinon.fr\/2026\/wp-content\/uploads\/bb-plugin\/cache\/06012026-06012026-P1033078-Modifier-Modifier-circle-134cf422549006e2485911cd3ae53ff1-.jpg\" alt=\"06012026-06012026-P1033078-Modifier-Modifier\" height=\"1384\" width=\"1384\" title=\"06012026-06012026-P1033078-Modifier-Modifier\" onerror=\"this.style.display='none'\" loading=\"lazy\" \/>\n\t<\/figure>\n<h3>Ludovic LATON<\/h3><p><i>41 ans<\/i><\/p>\n<p><i>Charg\u00e9 d&rsquo;intervention<\/i><\/p>\n\n\t\t<figure itemscope itemtype=\"https:\/\/schema.org\/ImageObject\">\n\t\t\t\t<img decoding=\"async\" src=\"https:\/\/unis-pour-vinon.fr\/2026\/wp-content\/uploads\/bb-plugin\/cache\/02012026-02012026-P1032928-Modifier-Modifier-circle-9269ebf7342cf293ea017b37f94c9031-.jpg\" alt=\"02012026-02012026-P1032928-Modifier-Modifier\" height=\"758\" width=\"758\" title=\"02012026-02012026-P1032928-Modifier-Modifier\" onerror=\"this.style.display='none'\" loading=\"lazy\" \/>\n\t<\/figure>\n<h3>Fanny LEGLAYE<\/h3><p><i>48 ans<\/i><\/p>\n<p><i>Gestionnaire administrative<\/i><\/p>\n\t\t<figure itemscope itemtype=\"https:\/\/schema.org\/ImageObject\">\n\t\t\t\t<img decoding=\"async\" src=\"https:\/\/unis-pour-vinon.fr\/2026\/wp-content\/uploads\/bb-plugin\/cache\/03022026-03022026-P1043382-Modifier-circle-5f9c095f5ba5743063573a94bafc112d-.jpg\" alt=\"03022026-03022026-P1043382-Modifier\" height=\"1878\" width=\"1878\" title=\"03022026-03022026-P1043382-Modifier\" onerror=\"this.style.display='none'\" loading=\"lazy\" \/>\n\t<\/figure>\n<h3>Jean-Marc RYCHEBUSCH<\/h3><p><i>64 ans<\/i><\/p>\n<p><i>V\u00e9t\u00e9rinaire retrait\u00e9<\/i><\/p>\n\t\t<figure itemscope itemtype=\"https:\/\/schema.org\/ImageObject\">\n\t\t\t\t<img decoding=\"async\" src=\"https:\/\/unis-pour-vinon.fr\/2026\/wp-content\/uploads\/bb-plugin\/cache\/07012026-07012026-P1033092-Modifier-Modifier-circle-45dfb039c58665e1ddb53770dfc9abd6-.jpg\" alt=\"07012026-07012026-P1033092-Modifier-Modifier\" height=\"1852\" width=\"1852\" title=\"07012026-07012026-P1033092-Modifier-Modifier\" onerror=\"this.style.display='none'\" loading=\"lazy\" \/>\n\t<\/figure>\n<h3>G\u00e9raldine COPIN<\/h3><p><i>52 ans<\/i><\/p>\n<p><i>Commerciale agricole<\/i><\/p>\n\n\t\t<figure itemscope itemtype=\"https:\/\/schema.org\/ImageObject\">\n\t\t\t\t<img decoding=\"async\" src=\"https:\/\/unis-pour-vinon.fr\/2026\/wp-content\/uploads\/bb-plugin\/cache\/24012026-24012026-P1033321-Modifier-Modifier-circle-0ec8c8d879d5a8e7a68613d747915581-.jpg\" alt=\"24012026-24012026-P1033321-Modifier-Modifier\" height=\"1535\" width=\"1535\" title=\"24012026-24012026-P1033321-Modifier-Modifier\" onerror=\"this.style.display='none'\" loading=\"lazy\" \/>\n\t<\/figure>\n<h3>St\u00e9phane BAURAND<\/h3><p><i>47 ans<\/i><\/p>\n<p><i>Responsable commercial<\/i><\/p>\n\t\t<figure itemscope itemtype=\"https:\/\/schema.org\/ImageObject\">\n\t\t\t\t<img decoding=\"async\" src=\"https:\/\/unis-pour-vinon.fr\/2026\/wp-content\/uploads\/bb-plugin\/cache\/24012026-24012026-P1033338-Modifier-Modifier-circle-7da80a2c7e4726df2a42b885951c6ab8-.jpg\" alt=\"24012026-24012026-P1033338-Modifier-Modifier\" height=\"2006\" width=\"2006\" title=\"24012026-24012026-P1033338-Modifier-Modifier\" onerror=\"this.style.display='none'\" loading=\"lazy\" \/>\n\t<\/figure>\n<h3>Clorinde MAIGRE<\/h3><p>51 ans<\/p>\n<p>Directrice d&rsquo;\u00e9cole<\/p>\n\t\t<figure itemscope itemtype=\"https:\/\/schema.org\/ImageObject\">\n\t\t\t\t<img decoding=\"async\" src=\"https:\/\/unis-pour-vinon.fr\/2026\/wp-content\/uploads\/bb-plugin\/cache\/06012026-06012026-P1033034-Modifier-Modifier-circle-2d948ffe6db42c2ea6752a064685c55b-.jpg\" alt=\"06012026-06012026-P1033034-Modifier-Modifier\" height=\"1925\" width=\"1925\" title=\"06012026-06012026-P1033034-Modifier-Modifier\" onerror=\"this.style.display='none'\" loading=\"lazy\" \/>\n\t<\/figure>\n<h3>Michel CLAESSENS<\/h3><p><i>67 ans<\/i><\/p>\n<p><i>Expert ITER<\/i><\/p>\n\t\t<figure itemscope itemtype=\"https:\/\/schema.org\/ImageObject\">\n\t\t\t\t<img decoding=\"async\" src=\"https:\/\/unis-pour-vinon.fr\/2026\/wp-content\/uploads\/bb-plugin\/cache\/26012026-26012026-P1043369-Modifier-circle-756c97b71d64854172a5fa41a6f7ad5f-.jpg\" alt=\"26012026-26012026-P1043369-Modifier\" height=\"2164\" width=\"2164\" title=\"26012026-26012026-P1043369-Modifier\" onerror=\"this.style.display='none'\" loading=\"lazy\" \/>\n\t<\/figure>\n<h3>Val\u00e9rie BERTHET<\/h3><p><i>45 ans<\/i><\/p>\n<p>Graphiste &#8211; Illustratrice<\/p>\n\t\t<figure itemscope itemtype=\"https:\/\/schema.org\/ImageObject\">\n\t\t\t\t<img decoding=\"async\" src=\"https:\/\/unis-pour-vinon.fr\/2026\/wp-content\/uploads\/bb-plugin\/cache\/22012026-22012026-P1033288-Modifier-Modifier-circle-27c7d67eef6c7cbffe87059a1d1aa502-.jpg\" alt=\"22012026-22012026-P1033288-Modifier-Modifier\" height=\"2395\" width=\"2395\" title=\"22012026-22012026-P1033288-Modifier-Modifier\" onerror=\"this.style.display='none'\" loading=\"lazy\" \/>\n\t<\/figure>\n<h3>Christophe HUET<\/h3><p><i>57 ans<\/i><\/p>\n<p><i>Cuisinier<\/i><\/p>\n\t\t<figure itemscope itemtype=\"https:\/\/schema.org\/ImageObject\">\n\t\t\t\t<img decoding=\"async\" src=\"https:\/\/unis-pour-vinon.fr\/2026\/wp-content\/uploads\/bb-plugin\/cache\/19012026-19012026-P1033199-Modifier-Modifier-circle-422a92060c7f1272a644b4aeb0ff9af5-.jpg\" alt=\"19012026-19012026-P1033199-Modifier-Modifier\" height=\"2078\" width=\"2078\" title=\"19012026-19012026-P1033199-Modifier-Modifier\" onerror=\"this.style.display='none'\" loading=\"lazy\" \/>\n\t<\/figure>\n<h3>Maryse CABRILLAC<\/h3><p><i>80 ans<\/i><\/p>\n<p><i>Retrait\u00e9e fonction publique<\/i><\/p>\n<figure itemscope itemtype=\"https:\/\/schema.org\/ImageObject\">\n\t\t\t\t<a href=\"https:\/\/unis-pour-vinon.fr\/2026\/accueil\/\"  target=\"_blank\" rel=\"noopener\"  itemprop=\"url\">\n\t\t\t\t<img decoding=\"async\" src=\"https:\/\/unis-pour-vinon.fr\/2026\/wp-content\/uploads\/2025\/12\/Photo-de-profil-FB-5.png\" alt=\"Photo de profil FB 5\" height=\"960\" width=\"960\" title=\"Photo de profil FB 5\" onerror=\"this.style.display='none'\" loading=\"lazy\" \/>\n\t\t\t\t<\/a>\n\t<\/figure>\n\n","protected":false},"excerpt":{"rendered":"<p>L&rsquo;\u00e9quipe Claude CHEILAN 67 ans Chef d&rsquo;exploitation agricole (retrait\u00e9) Maire sortant Matthieu DUTERTRE 48 ans Journaliste Ma\u00eft\u00e9 NO\u00c9 73 ans Secr\u00e9taire retrait\u00e9e Guy ARMAND 67 ans Technicien retrait\u00e9 Jackye TEYCHENNE 68 ans Agricultrice retrait\u00e9e Laurent BONHOMME 75 ans Architecte retrait\u00e9 Virginie COUTERET 46 ans Infirmi\u00e8re formatrice Jean-Claude Seguin 65 ans ing\u00e9nieur retrait\u00e9 Sylvie GUEYRAUD 57&hellip;<\/p>\n","protected":false},"author":2,"featured_media":0,"parent":0,"menu_order":0,"comment_status":"closed","ping_status":"closed","template":"tpl-no-header-footer.php","meta":{"footnotes":""},"class_list":["post-48","page","type-page","status-publish","hentry"],"_links":{"self":[{"href":"https:\/\/unis-pour-vinon.fr\/2026\/wp-json\/wp\/v2\/pages\/48","targetHints":{"allow":["GET"]}}],"collection":[{"href":"https:\/\/unis-pour-vinon.fr\/2026\/wp-json\/wp\/v2\/pages"}],"about":[{"href":"https:\/\/unis-pour-vinon.fr\/2026\/wp-json\/wp\/v2\/types\/page"}],"author":[{"embeddable":true,"href":"https:\/\/unis-pour-vinon.fr\/2026\/wp-json\/wp\/v2\/users\/2"}],"replies":[{"embeddable":true,"href":"https:\/\/unis-pour-vinon.fr\/2026\/wp-json\/wp\/v2\/comments?post=48"}],"version-history":[{"count":11,"href":"https:\/\/unis-pour-vinon.fr\/2026\/wp-json\/wp\/v2\/pages\/48\/revisions"}],"predecessor-version":[{"id":566,"href":"https:\/\/unis-pour-vinon.fr\/2026\/wp-json\/wp\/v2\/pages\/48\/revisions\/566"}],"wp:attachment":[{"href":"https:\/\/unis-pour-vinon.fr\/2026\/wp-json\/wp\/v2\/media?parent=48"}],"curies":[{"name":"wp","href":"https:\/\/api.w.org\/{rel}","templated":true}]}}