{"id":595,"date":"2026-04-15T09:33:02","date_gmt":"2026-04-15T09:33:02","guid":{"rendered":"https:\/\/unis-pour-vinon.fr\/2026\/?page_id=595"},"modified":"2026-04-15T14:11:57","modified_gmt":"2026-04-15T14:11:57","slug":"nos-actions","status":"publish","type":"page","link":"https:\/\/unis-pour-vinon.fr\/2026\/nos-actions\/","title":{"rendered":"Nos actions"},"content":{"rendered":"\n<figure itemscope itemtype=\"https:\/\/schema.org\/ImageObject\">\n\t\t\t\t<img decoding=\"async\" src=\"https:\/\/unis-pour-vinon.fr\/2026\/wp-content\/uploads\/2026\/01\/648981659_1267240395588263_3894084465709998813_n-scaled.jpg\" alt=\"648981659_1267240395588263_3894084465709998813_n\" height=\"947\" width=\"2560\" title=\"648981659_1267240395588263_3894084465709998813_n\" onerror=\"this.style.display='none'\" loading=\"lazy\" \/>\n\t<\/figure>\n<h1>\n\t\t\tNos actions\t<\/h1>\n<h2>\n\t\t\tS\u00e9curit\u00e9, pr\u00e9vention et tranquillit\u00e9 publique<br \/>\t<\/h2>\n<h2>\n\t\t\tGrandir et apprendre \u00e0 Vinon<br \/>\t<\/h2>\n<h2>\n\t\t\tSant\u00e9, solidarit\u00e9 \u00e0 chaque \u00e2ge de la Vie<br \/>\t<\/h2>\n<h2>\n\t\t\tVie Associative Sport Et Culture<br \/>\t<\/h2>\n<h2>\n\t\t\tEnvironnement d\u00e9veloppement durable et cadre de vie<br \/>\t<\/h2>\n<h2>\n\t\t\tD\u00e9placements et mobilit\u00e9<br \/>\t<\/h2>\n<h2>\n\t\t\tUrbanisme habitat et \u00e9quilibre du d\u00e9veloppement<br \/>\t<\/h2>\n<h2>\n\t\t\tD\u00e9veloppement \u00e9conomique tourisme et attractivit\u00e9<br \/>\t<\/h2>\n<h2>\n\t\t\tFinances administration communale et intercommunale\t<\/h2>\n<figure itemscope itemtype=\"https:\/\/schema.org\/ImageObject\">\n\t\t\t\t<a href=\"https:\/\/unis-pour-vinon.fr\/2026\/accueil\/\"  target=\"_blank\" rel=\"noopener\"  itemprop=\"url\">\n\t\t\t\t<img decoding=\"async\" src=\"https:\/\/unis-pour-vinon.fr\/2026\/wp-content\/uploads\/2025\/12\/Photo-de-profil-FB-5.png\" alt=\"Photo de profil FB 5\" height=\"960\" width=\"960\" title=\"Photo de profil FB 5\" onerror=\"this.style.display='none'\" loading=\"lazy\" \/>\n\t\t\t\t<\/a>\n\t<\/figure>\n\n","protected":false},"excerpt":{"rendered":"<p>Nos actions S\u00e9curit\u00e9, pr\u00e9vention et tranquillit\u00e9 publique Grandir et apprendre \u00e0 Vinon Sant\u00e9, solidarit\u00e9 \u00e0 chaque \u00e2ge de la Vie Vie Associative Sport Et Culture Environnement d\u00e9veloppement durable et cadre de vie D\u00e9placements et mobilit\u00e9 Urbanisme habitat et \u00e9quilibre du d\u00e9veloppement D\u00e9veloppement \u00e9conomique tourisme et attractivit\u00e9 Finances administration communale et intercommunale<\/p>\n","protected":false},"author":2,"featured_media":0,"parent":0,"menu_order":0,"comment_status":"closed","ping_status":"closed","template":"tpl-no-header-footer.php","meta":{"footnotes":""},"class_list":["post-595","page","type-page","status-publish","hentry"],"_links":{"self":[{"href":"https:\/\/unis-pour-vinon.fr\/2026\/wp-json\/wp\/v2\/pages\/595","targetHints":{"allow":["GET"]}}],"collection":[{"href":"https:\/\/unis-pour-vinon.fr\/2026\/wp-json\/wp\/v2\/pages"}],"about":[{"href":"https:\/\/unis-pour-vinon.fr\/2026\/wp-json\/wp\/v2\/types\/page"}],"author":[{"embeddable":true,"href":"https:\/\/unis-pour-vinon.fr\/2026\/wp-json\/wp\/v2\/users\/2"}],"replies":[{"embeddable":true,"href":"https:\/\/unis-pour-vinon.fr\/2026\/wp-json\/wp\/v2\/comments?post=595"}],"version-history":[{"count":6,"href":"https:\/\/unis-pour-vinon.fr\/2026\/wp-json\/wp\/v2\/pages\/595\/revisions"}],"predecessor-version":[{"id":637,"href":"https:\/\/unis-pour-vinon.fr\/2026\/wp-json\/wp\/v2\/pages\/595\/revisions\/637"}],"wp:attachment":[{"href":"https:\/\/unis-pour-vinon.fr\/2026\/wp-json\/wp\/v2\/media?parent=595"}],"curies":[{"name":"wp","href":"https:\/\/api.w.org\/{rel}","templated":true}]}}